{"id":9,"date":"2023-12-02T09:00:31","date_gmt":"2023-12-02T07:00:31","guid":{"rendered":"http:\/\/beta.kreativfeld.de\/dietmar_jacobs\/?page_id=2"},"modified":"2026-01-05T13:54:21","modified_gmt":"2026-01-05T11:54:21","slug":"beispiel-seite-2","status":"publish","type":"page","link":"https:\/\/circenses.com\/","title":{"rendered":""},"content":{"rendered":"<\/p>\n\n\n<h2 class=\"wp-block-heading\">Fernsehen\/Kino<\/h2>\n\n\n\n<div class=\"wp-block-columns is-layout-flex wp-container-core-columns-layout-1 wp-block-columns-is-layout-flex\">\n<div class=\"wp-block-column is-layout-flow wp-block-column-is-layout-flow\">\n<h4 class=\"wp-block-heading\">Drehbuch<\/h4>\n\n\n\n<ul>\n<li>Extrawurst (Kinofilm. Regie: Marcus H. Rosenm\u00fcller)<br><br><\/li>\n\n\n\n<li>Merz gegen Merz (ZDF)<br><br><\/li>\n\n\n\n<li>Mord mit Aussicht (ARD)<br><br><\/li>\n\n\n\n<li>Stromberg (Pro 7)&nbsp; <br><strong>Adolf-Grimme-Preis 2006 <br><br><\/strong><\/li>\n\n\n\n<li>Pastewka (Sat 1)<br><br><\/li>\n\n\n\n<li>Frau Temme sucht das Gl\u00fcck <br>(ARD &#8211; Konzept und mehrere Folgen)<br><br><\/li>\n\n\n\n<li>Ellerbeck (ZDF \u2013 Konzept und mehrere Folgen<br><br><\/li>\n\n\n\n<li>Der Tod ist kein Beinbruch <br>(WDR &#8211; Konzept und Headwriting) <br><strong>Nominierung Adolf-Grimme-Preis 2003 <br><br><\/strong><\/li>\n\n\n\n<li>Dr. Psycho (Pro 7)<br><br><\/li>\n\n\n\n<li>Die Camper (RTL)<br><br><\/li>\n\n\n\n<li>Das Amt (RTL &#8211; Konzept und Headwriting alle Staffeln)<\/li>\n<\/ul>\n<\/div>\n\n\n\n<div class=\"wp-block-column is-layout-flow wp-block-column-is-layout-flow\">\n<\/p>\n<h4 class=\"wp-block-heading\" style=\"color: #ddde38;\">Satire<\/h4>\n<p>\n\n\n\n<\/p>\n<ul>\n<li>Extra 3 (ARD &#8211; Seit 2011 alle Folgen) <strong>Deutscher Comedy-Preis 2016, Deutscher Fernsehpreis 2018, Nominierung Adolf-Grimme-Preis 2017 <\/strong>\n<p>\u00a0<\/p>\n<\/li>\n<li>Mitternachtsspitzen <br \/>(WDR &#8211; Seit 2003 alle Folgen)<br \/><strong>Deutscher Comedy-Preis 2019 <\/strong>\n<p>\u00a0<\/p>\n<\/li>\n<li>heute show (ZDF)\u00a0<strong><br \/>Deutscher Comedy-Preis 2012<\/strong><\/li>\n<\/ul>\n<p>\n<\/div>\n<\/div>\n\n\n<\/p>\n<p>&nbsp;<\/p>\n<\/p>\n\n\n<h2 class=\"wp-block-heading\">THEATER<\/h2>\n\n\n\n<div class=\"wp-block-columns is-layout-flex wp-container-core-columns-layout-2 wp-block-columns-is-layout-flex\">\n<div class=\"wp-block-column is-layout-flow wp-block-column-is-layout-flow\">\n<h4 class=\"wp-block-heading\">ST\u00dcCKE<\/h4>\n\n\n\n<ul>\n<li>\u201eN\u00f6!\u201c (Co-Autoren: Christian Ehring, Martin Maier-Bode. Urauff\u00fchrung 2025. Kom(m)\u00f6dchen D\u00fcsseldorf)<br><br><\/li>\n\n\n\n<li>\u201ePutsch\u201c (Co-Autor: Alistair Beaton. Urauff\u00fchrung 2025. Theater Trier)<br><br><\/li>\n\n\n\n<li>\u201eSchlafende Hunde\u201c (Urauff\u00fchrung 2024. Theaterschiff Hamburg)<br><br><\/li>\n\n\n\n<li>\u201eKalter wei\u00dfer Mann\u201c (Co-Autor: Moritz Netenjakob. Urauff\u00fchrung 2024. Renaissance-Theater Berlin)<br><br><\/li>\n\n\n\n<li>\u201eKardinalfehler\u201c (Co-Autor Alistair Beaton. Urauff\u00fchrung 2023. Theater Trier)<br><br><\/li>\n\n\n\n<li>\u201eKuno Knallfrosch\u201c (mit Horst Klein und Andreas Schnermann) Musikalische Lesung. Zahlreiche Auff\u00fchrungen: U.a. Elbphilharmonie Hamburg. Gro\u00dfer Saal 2023)<br><br><\/li>\n\n\n\n<li>\u201eBulli\u201c (Co-Autoren Christian Ehring, Martin Maier-Bode. Urauff\u00fchrung 2022. Kom(m)\u00f6dchen D\u00fcsseldorf.)<br><br><\/li>\n\n\n\n<li>&#8222;Crash&#8220; (Co-Autoren Christian Ehring, Martin Maier-Bode. Urauff\u00fchrung 2021. Kom(m)\u00f6dchen D\u00fcsseldorf)<br><br><\/li>\n\n\n\n<li>&#8222;Himmel und K\u00f6lle&#8220; &#8211; Das K\u00f6ln-Musical (Co-Autor Moritz Netenjakob. Urauff\u00fchrung 2020. Volksb\u00fchne K\u00f6ln) <b>Deutscher-Musical-Theater-Preis 2021<br><b> K\u00f6lner &#8222;Kulturereignis des Jahres\u201c 2021<br><br><\/b><\/b><\/li>\n\n\n\n<li>&#8222;Extrawurst&#8220; (Co-Autor Moritz Netenjakob. Urauff\u00fchrung 2019. Ohnsorg-Theater Hamburg) <b>Monica-Bleibtreu-Preis 2021<br><b>Meistgespieltes Theaterst\u00fcck Deutschland 2021 und 2022.<br><br><\/b><\/b><\/li>\n\n\n\n<li>&#8222;Irgendwas mit Menschen&#8220; (Co-Autoren Christian Ehring und Martin Maier-Bode. Urauff\u00fchrung 2017. Kom(m)\u00f6dchen D\u00fcsseldorf)<br><br><\/li>\n\n\n\n<li>&#8222;Der Pantoffel-Panther&#8220; <br>(Co-Autor Lars Albaum. Urauff\u00fchrung 2016. Contrakreis-Theater Bonn)<br><br><\/li>\n\n\n\n<li>&#8222;Deutschland gucken&#8220;. (Co-Autoren Christian Ehring und Martin Maier-Bode. Urauff\u00fchrung 2014. Kom(m)\u00f6dchen D\u00fcsseldorf)<br><br><\/li>\n\n\n\n<li>&#8222;Kuno Knallfrosch&#8220; (B\u00fchnenlesung des gleichnamigen Kinderbuches mit der Bigband des NDR. Geschichte von Dietmar Jacobs,<br>Illustrationen von Horst Klein, <br>Musik von Andreas Schnermann. 2014.<br>Fischer-Verlag Frankfurt\/M.)<br><br><\/li>\n\n\n\n<li>&#8222;Freaks&#8220; (Co-Autor Christian Ehring. Urauff\u00fchrung 2011. Kom(m)\u00f6dchen D\u00fcsseldorf) <b>Monica-Bleibtreu-Preis 2012<br><br><\/b><\/li>\n\n\n\n<li>&#8222;Proseccopack&#8220; (Co-Autor Christian Ehring. Urauff\u00fchrung 2011. Kom(m)\u00f6dchen D\u00fcsseldorf) <b>Kabarett-Preis Leipzig<\/b>.<br><br><\/li>\n\n\n\n<li>&#8222;In jeder Beziehung&#8220; (Co-Autor Lars Albaum. Urauff\u00fchrung 2009. Contrakreis-Theater Bonn.)<br><br><\/li>\n\n\n\n<li>&#8222;Sushi \u2013 Ein Requiem&#8220; (Co-Autor Christian Ehring. Urauff\u00fchrung 2009. Kom(m)\u00f6dchen D\u00fcsseldorf) <b>Kabarett-Preis Leipzig<\/b>.<br><br><\/li>\n\n\n\n<li>&#8222;Couch \u2013 Ein Heimatabend&#8220; (Co-Autor Christian Ehring. Urauff\u00fchrung 2006. Kom(m)\u00f6dchen D\u00fcsseldorf)<br><br><\/li>\n\n\n\n<li>&#8222;Das andalusische Mirakel&#8220; (Co-Autor Lars Albaum. Urauff\u00fchrung 2006. Contrakreis-Theater Bonn.)<br><br><\/li>\n\n\n\n<li>&#8222;Einmal nicht aufgepasst&#8220; (Co-Autor Lars Albaum. Urauff\u00fchrung 2003. Contrakreis-Theater Bonn.)<br><br><\/li>\n\n\n\n<li>&#8222;Amok&#8220; (Co-Autoren Christian Ehring und Martin Maier-Bode. Urauff\u00fchrung 1999. Kom(m)\u00f6dchen D\u00fcsseldorf)<br><br><\/li>\n\n\n\n<li>&#8222;Die letzten Tage von Erkrath&#8220; (Co-Autoren Christian Ehring und Martin Maier-Bode. Urauff\u00fchrung 1998. Kom(m)\u00f6dchen D\u00fcsseldorf)<\/li>\n<\/ul>\n<\/div>\n\n\n\n<div class=\"wp-block-column is-layout-flow wp-block-column-is-layout-flow\">\n<h4 class=\"wp-block-heading\">SOLO-PROGRAMM<\/h4>\n\n\n\n<ul>\n<li>\u201eVers\u00f6hnung\u201c (Mitarbeit am Solo-Programm von Christian Ehring. Premiere 2025)<br><br><\/li>\n\n\n\n<li>\u201eStand jetzt\u201c (Mitarbeit am Solo-Programm von Christian Ehring. Premiere 2023)<br><br><\/li>\n\n\n\n<li>\u201eDeine Disko\u201c (Mitarbeit am Solo-Programm von J\u00fcrgen Becker. Premiere 2023)<br><br><\/li>\n\n\n\n<li>\u201eAntik\u00f6rper\u201c (Mitarbeit am Solo-Programm von Christian Ehring. Premiere 2021)<br><br><\/li>\n\n\n\n<li>&#8222;Die Ursache liegt in der Zukunft\u201c (Mitarbeit am Solo-Programm von J\u00fcrgen Becker. Premiere 2019)<br><br><\/li>\n\n\n\n<li>&#8222;Keine weiteren Fragen&#8220; <br>(Mitarbeit am Solo-Programm&nbsp;<br>von Christian Ehring. Premiere 2015.)<br><br><\/li>\n\n\n\n<li>&#8222;Das m\u00fcssten Sie mal sagen, Herr Rogler&#8220; (Mitarbeit am Solo-Programm von <br>Richard Rogler. Premiere 2013)<br><br><\/li>\n\n\n\n<li>&#8222;Wie komm ich jetzt da drauf?&#8220; <br>(Solo-Programm f\u00fcr Jochen Busse. Premiere 2012)<br><br><\/li>\n\n\n\n<li>&#8222;Der kaltw\u00fctige Herr Sch\u00fcttl\u00f6ffel&#8220; <br>(Solo-Programm f\u00fcr Thomas Freitag. Premiere 2012)<br><br><\/li>\n\n\n\n<li>&#8222;Der K\u00fcnstler ist anwesend&#8220; <br>(Mitarbeit am Solo-Programm von <br>J\u00fcrgen Becker. Premiere 2012)<br><br><\/li>\n\n\n\n<li>&#8222;Die Angst der Hasen&#8220; (Solo-Programm f\u00fcr Thomas Freitag. Premiere 2007)<br><br><\/li>\n\n\n\n<li>&#8222;Stimmung&#8220; (Mitarbeit am Solo-Programm von Richard Rogler. Premiere 2009)<br><br><\/li>\n\n\n\n<li>&#8222;Ewiges Leben&#8220; ( Mitarbeit am Solo-Programm von Richard Rogler. Premiere 2005)<br><br><\/li>\n\n\n\n<li>&nbsp;&#8222;Geld oder G\u00fclle&#8220; (Solo-Programm f\u00fcr Thomas Freitag. Premiere 2003)<br><br><\/li>\n\n\n\n<li>&#8222;Anfang offen&#8220; (Mitarbeit am Solo-Programm von Richard Rogler. Premiere 2002)<br><br><\/li>\n\n\n\n<li>&#8222;Million\u00e4r in 98 Minuten (Solo-Programm f\u00fcr Thomas Freitag. Premiere 2000)<br><br><\/li>\n\n\n\n<li>&#8222;Unplugged&#8220; (Mitarbeit am Solo-Programm f\u00fcr Thomas Freitag. Premiere 1996)<\/li>\n<\/ul>\n<\/div>\n<\/div>\n\n\n<\/p>\n<h2>Sonstiges<\/h2>\n<ul>\n<li>&#8222;Rattenpack&#8220; (Texter und Darsteller. 1991 \u2013 1996)<\/li>\n<\/ul>\n<h2>Biografie<\/h2>\n<ul>\n<li>1967 Geboren in M\u00f6nchengladbach.\n<\/li>\n<li>&nbsp;1989 &#8211; 1996 Studium der Romanistik und Germanistik in K\u00f6ln und Siena.<br \/>Promotion zum Dr. phil. Doktorarbeit zum Thema:<br \/>\u201eDas Kabarett der DDR in der \u00c4ra Honecker\u201c.<br \/>(Peter Lang Verlag Frankfurt\/M.)\n<\/li>\n<li>1995 &#8211; 1996 Drehbuch-Ausbildung an der &#8222;Schreibschule K\u00f6ln&#8220;<\/li>\n<\/ul>\n<h2>Kontakt<\/h2>\n<p><strong>Agentur Sascha Beck<\/strong><br \/>Theresienstra\u00dfe 23<br \/>80333 M\u00fcnchen<br \/>Deutschland<br \/>0049 89 2302 0518<br \/>Fax: 0049 89 2302 0519<br \/>Mail:&nbsp;info@sascha-beck.com<br \/>Web:&nbsp;www.sascha-beck.com<\/p>","protected":false},"excerpt":{"rendered":"<p>Fernsehen\/Kino Drehbuch Satire Extra 3 (ARD &#8211; Seit 2011 alle Folgen) Deutscher Comedy-Preis 2016, Deutscher Fernsehpreis 2018, Nominierung Adolf-Grimme-Preis 2017 \u00a0 Mitternachtsspitzen (WDR &#8211; Seit 2003 alle Folgen)Deutscher Comedy-Preis 2019 \u00a0 heute show (ZDF)\u00a0Deutscher Comedy-Preis 2012 &nbsp; THEATER ST\u00dcCKE SOLO-PROGRAMM Sonstiges &#8222;Rattenpack&#8220; (Texter und Darsteller. 1991 \u2013 1996) Biografie 1967 Geboren in M\u00f6nchengladbach. &nbsp;1989 &#8211; [&hellip;]<\/p>\n","protected":false},"author":1,"featured_media":0,"parent":0,"menu_order":0,"comment_status":"open","ping_status":"closed","template":"","meta":{"footnotes":""},"_links":{"self":[{"href":"https:\/\/circenses.com\/index.php?rest_route=\/wp\/v2\/pages\/9"}],"collection":[{"href":"https:\/\/circenses.com\/index.php?rest_route=\/wp\/v2\/pages"}],"about":[{"href":"https:\/\/circenses.com\/index.php?rest_route=\/wp\/v2\/types\/page"}],"author":[{"embeddable":true,"href":"https:\/\/circenses.com\/index.php?rest_route=\/wp\/v2\/users\/1"}],"replies":[{"embeddable":true,"href":"https:\/\/circenses.com\/index.php?rest_route=%2Fwp%2Fv2%2Fcomments&post=9"}],"version-history":[{"count":126,"href":"https:\/\/circenses.com\/index.php?rest_route=\/wp\/v2\/pages\/9\/revisions"}],"predecessor-version":[{"id":323,"href":"https:\/\/circenses.com\/index.php?rest_route=\/wp\/v2\/pages\/9\/revisions\/323"}],"wp:attachment":[{"href":"https:\/\/circenses.com\/index.php?rest_route=%2Fwp%2Fv2%2Fmedia&parent=9"}],"curies":[{"name":"wp","href":"https:\/\/api.w.org\/{rel}","templated":true}]}}